{"id":1194,"date":"2021-01-21T18:14:09","date_gmt":"2021-01-21T18:14:09","guid":{"rendered":"http:\/\/44.238.71.236\/?page_id=1194"},"modified":"2021-07-28T19:24:19","modified_gmt":"2021-07-28T19:24:19","slug":"aviso-legal","status":"publish","type":"page","link":"https:\/\/www.sukarne.com\/es_mx\/aviso-legal\/","title":{"rendered":"Aviso Legal"},"content":{"rendered":"\t\t<div data-elementor-type=\"wp-page\" data-elementor-id=\"1194\" class=\"elementor elementor-1194\" data-elementor-post-type=\"page\">\n\t\t\t\t\t\t<section class=\"elementor-section elementor-top-section elementor-element elementor-element-e61c13d elementor-section-height-min-height elementor-section-items-stretch elementor-section-stretched elementor-section-boxed elementor-section-height-default\" data-id=\"e61c13d\" data-element_type=\"section\" data-settings=\"{&quot;stretch_section&quot;:&quot;section-stretched&quot;,&quot;background_background&quot;:&quot;classic&quot;}\">\n\t\t\t\t\t\t\t<div class=\"elementor-background-overlay\"><\/div>\n\t\t\t\t\t\t\t<div class=\"elementor-container elementor-column-gap-no\">\n\t\t\t\t\t<div class=\"elementor-column elementor-col-25 elementor-top-column elementor-element elementor-element-af778f3\" data-id=\"af778f3\" data-element_type=\"column\">\n\t\t\t<div class=\"elementor-widget-wrap\">\n\t\t\t\t\t\t\t<\/div>\n\t\t<\/div>\n\t\t\t\t<div class=\"elementor-column elementor-col-25 elementor-top-column elementor-element elementor-element-ff15fc1\" data-id=\"ff15fc1\" data-element_type=\"column\" data-settings=\"{&quot;background_background&quot;:&quot;classic&quot;,&quot;background_motion_fx_motion_fx_scrolling&quot;:&quot;yes&quot;,&quot;background_motion_fx_devices&quot;:[&quot;widescreen&quot;,&quot;desktop&quot;,&quot;laptop&quot;,&quot;tablet&quot;,&quot;mobile_extra&quot;,&quot;mobile&quot;]}\">\n\t\t\t<div class=\"elementor-widget-wrap elementor-element-populated\">\n\t\t\t\t\t\t<div class=\"elementor-element elementor-element-2e2ac71 elementor-widget elementor-widget-spacer\" data-id=\"2e2ac71\" data-element_type=\"widget\" data-widget_type=\"spacer.default\">\n\t\t\t\t<div class=\"elementor-widget-container\">\n\t\t\t\t\t\t\t<div class=\"elementor-spacer\">\n\t\t\t<div class=\"elementor-spacer-inner\"><\/div>\n\t\t<\/div>\n\t\t\t\t\t\t<\/div>\n\t\t\t\t<\/div>\n\t\t\t\t<div class=\"elementor-element elementor-element-cad5b23 elementor-invisible elementor-widget elementor-widget-image\" data-id=\"cad5b23\" data-element_type=\"widget\" data-settings=\"{&quot;_animation&quot;:&quot;fadeInLeft&quot;,&quot;_animation_delay&quot;:500}\" data-widget_type=\"image.default\">\n\t\t\t\t<div class=\"elementor-widget-container\">\n\t\t\t\t\t\t\t\t\t\t\t\t\t\t\t<img decoding=\"async\" width=\"150\" height=\"150\" src=\"https:\/\/www.sukarne.com\/wp-content\/uploads\/2021\/01\/legal.png\" class=\"attachment-thumbnail size-thumbnail wp-image-1207\" alt=\"\" srcset=\"https:\/\/www.sukarne.com\/wp-content\/uploads\/2021\/01\/legal.png 150w, https:\/\/www.sukarne.com\/wp-content\/uploads\/2021\/01\/legal-100x100.png 100w\" sizes=\"(max-width: 150px) 100vw, 150px\" \/>\t\t\t\t\t\t\t\t\t\t\t\t\t\t\t<\/div>\n\t\t\t\t<\/div>\n\t\t\t\t\t<\/div>\n\t\t<\/div>\n\t\t\t\t<div class=\"elementor-column elementor-col-25 elementor-top-column elementor-element elementor-element-82a3573\" data-id=\"82a3573\" data-element_type=\"column\">\n\t\t\t<div class=\"elementor-widget-wrap elementor-element-populated\">\n\t\t\t\t\t\t<div class=\"elementor-element elementor-element-980f324 elementor-widget elementor-widget-spacer\" data-id=\"980f324\" data-element_type=\"widget\" data-widget_type=\"spacer.default\">\n\t\t\t\t<div class=\"elementor-widget-container\">\n\t\t\t\t\t\t\t<div class=\"elementor-spacer\">\n\t\t\t<div class=\"elementor-spacer-inner\"><\/div>\n\t\t<\/div>\n\t\t\t\t\t\t<\/div>\n\t\t\t\t<\/div>\n\t\t\t\t<div class=\"elementor-element elementor-element-3b91a38 elementor-invisible elementor-widget elementor-widget-heading\" data-id=\"3b91a38\" data-element_type=\"widget\" data-settings=\"{&quot;_animation&quot;:&quot;fadeInUp&quot;,&quot;_animation_delay&quot;:100}\" data-widget_type=\"heading.default\">\n\t\t\t\t<div class=\"elementor-widget-container\">\n\t\t\t\t\t<h2 class=\"elementor-heading-title elementor-size-default\">Aviso Legal<\/h2>\t\t\t\t<\/div>\n\t\t\t\t<\/div>\n\t\t\t\t<div class=\"elementor-element elementor-element-efdd319 elementor-widget-divider--view-line elementor-invisible elementor-widget elementor-widget-divider\" data-id=\"efdd319\" data-element_type=\"widget\" data-settings=\"{&quot;_animation&quot;:&quot;fadeInRight&quot;,&quot;_animation_delay&quot;:200}\" data-widget_type=\"divider.default\">\n\t\t\t\t<div class=\"elementor-widget-container\">\n\t\t\t\t\t\t\t<div class=\"elementor-divider\">\n\t\t\t<span class=\"elementor-divider-separator\">\n\t\t\t\t\t\t<\/span>\n\t\t<\/div>\n\t\t\t\t\t\t<\/div>\n\t\t\t\t<\/div>\n\t\t\t\t\t<\/div>\n\t\t<\/div>\n\t\t\t\t<div class=\"elementor-column elementor-col-25 elementor-top-column elementor-element elementor-element-c01d8fd\" data-id=\"c01d8fd\" data-element_type=\"column\">\n\t\t\t<div class=\"elementor-widget-wrap\">\n\t\t\t\t\t\t\t<\/div>\n\t\t<\/div>\n\t\t\t\t\t<\/div>\n\t\t<\/section>\n\t\t\t\t<div class=\"elementor-section elementor-top-section elementor-element elementor-element-73bb7e0 elementor-section-full_width elementor-section-stretched elementor-section-height-default elementor-section-height-default\" data-id=\"73bb7e0\" data-element_type=\"section\" data-settings=\"{&quot;stretch_section&quot;:&quot;section-stretched&quot;,&quot;background_background&quot;:&quot;classic&quot;}\">\n\t\t\t\t\t\t\t<div class=\"elementor-background-overlay\"><\/div>\n\t\t\t\t\t\t\t<div class=\"elementor-container elementor-column-gap-no\">\n\t\t\t\t\t<div class=\"elementor-column elementor-col-100 elementor-top-column elementor-element elementor-element-d6a6640\" data-id=\"d6a6640\" data-element_type=\"column\">\n\t\t\t<div class=\"elementor-widget-wrap elementor-element-populated\">\n\t\t\t\t\t\t<div class=\"elementor-element elementor-element-d4a7193 elementor-widget elementor-widget-spacer\" data-id=\"d4a7193\" data-element_type=\"widget\" data-widget_type=\"spacer.default\">\n\t\t\t\t<div class=\"elementor-widget-container\">\n\t\t\t\t\t\t\t<div class=\"elementor-spacer\">\n\t\t\t<div class=\"elementor-spacer-inner\"><\/div>\n\t\t<\/div>\n\t\t\t\t\t\t<\/div>\n\t\t\t\t<\/div>\n\t\t\t\t\t<\/div>\n\t\t<\/div>\n\t\t\t\t\t<\/div>\n\t\t<\/div>\n\t\t\t\t<section class=\"elementor-section elementor-top-section elementor-element elementor-element-172939e elementor-section-height-min-height elementor-section-items-stretch elementor-section-stretched elementor-section-boxed elementor-section-height-default\" data-id=\"172939e\" data-element_type=\"section\" data-settings=\"{&quot;stretch_section&quot;:&quot;section-stretched&quot;,&quot;background_background&quot;:&quot;classic&quot;}\">\n\t\t\t\t\t\t\t<div class=\"elementor-background-overlay\"><\/div>\n\t\t\t\t\t\t\t<div class=\"elementor-container elementor-column-gap-extended\">\n\t\t\t\t\t<div class=\"elementor-column elementor-col-33 elementor-top-column elementor-element elementor-element-b06c990\" data-id=\"b06c990\" data-element_type=\"column\" data-settings=\"{&quot;background_background&quot;:&quot;classic&quot;,&quot;background_motion_fx_motion_fx_scrolling&quot;:&quot;yes&quot;,&quot;background_motion_fx_translateX_effect&quot;:&quot;yes&quot;,&quot;background_motion_fx_translateX_direction&quot;:&quot;negative&quot;,&quot;background_motion_fx_translateX_speed&quot;:{&quot;unit&quot;:&quot;px&quot;,&quot;size&quot;:4,&quot;sizes&quot;:[]},&quot;background_motion_fx_translateX_affectedRange&quot;:{&quot;unit&quot;:&quot;%&quot;,&quot;size&quot;:&quot;&quot;,&quot;sizes&quot;:{&quot;start&quot;:0,&quot;end&quot;:100}},&quot;background_motion_fx_devices&quot;:[&quot;widescreen&quot;,&quot;desktop&quot;,&quot;laptop&quot;,&quot;tablet&quot;,&quot;mobile_extra&quot;,&quot;mobile&quot;]}\">\n\t\t\t<div class=\"elementor-widget-wrap\">\n\t\t\t\t\t\t\t<\/div>\n\t\t<\/div>\n\t\t\t\t<div class=\"elementor-column elementor-col-33 elementor-top-column elementor-element elementor-element-bcd730b\" data-id=\"bcd730b\" data-element_type=\"column\" data-settings=\"{&quot;background_background&quot;:&quot;classic&quot;,&quot;background_motion_fx_motion_fx_scrolling&quot;:&quot;yes&quot;,&quot;background_motion_fx_translateX_effect&quot;:&quot;yes&quot;,&quot;background_motion_fx_translateX_direction&quot;:&quot;negative&quot;,&quot;background_motion_fx_translateX_speed&quot;:{&quot;unit&quot;:&quot;px&quot;,&quot;size&quot;:4,&quot;sizes&quot;:[]},&quot;background_motion_fx_translateX_affectedRange&quot;:{&quot;unit&quot;:&quot;%&quot;,&quot;size&quot;:&quot;&quot;,&quot;sizes&quot;:{&quot;start&quot;:0,&quot;end&quot;:100}},&quot;background_motion_fx_devices&quot;:[&quot;widescreen&quot;,&quot;desktop&quot;,&quot;laptop&quot;,&quot;tablet&quot;,&quot;mobile_extra&quot;,&quot;mobile&quot;]}\">\n\t\t\t<div class=\"elementor-widget-wrap elementor-element-populated\">\n\t\t\t\t\t\t<div class=\"elementor-element elementor-element-e2e93bc elementor-view-default elementor-widget elementor-widget-icon\" data-id=\"e2e93bc\" data-element_type=\"widget\" data-widget_type=\"icon.default\">\n\t\t\t\t<div class=\"elementor-widget-container\">\n\t\t\t\t\t\t\t<div class=\"elementor-icon-wrapper\">\n\t\t\t<div class=\"elementor-icon\">\n\t\t\t<i aria-hidden=\"true\" class=\"fas fa-balance-scale\"><\/i>\t\t\t<\/div>\n\t\t<\/div>\n\t\t\t\t\t\t<\/div>\n\t\t\t\t<\/div>\n\t\t\t\t<div class=\"elementor-element elementor-element-90a714c elementor-invisible elementor-widget elementor-widget-heading\" data-id=\"90a714c\" data-element_type=\"widget\" data-settings=\"{&quot;_animation&quot;:&quot;fadeInUp&quot;}\" data-widget_type=\"heading.default\">\n\t\t\t\t<div class=\"elementor-widget-container\">\n\t\t\t\t\t<h6 class=\"elementor-heading-title elementor-size-default\">Aviso Legal<\/h6>\t\t\t\t<\/div>\n\t\t\t\t<\/div>\n\t\t\t\t<div class=\"elementor-element elementor-element-aadb3c0 elementor-widget-divider--view-line elementor-invisible elementor-widget elementor-widget-divider\" data-id=\"aadb3c0\" data-element_type=\"widget\" data-settings=\"{&quot;_animation&quot;:&quot;fadeInRight&quot;,&quot;_animation_delay&quot;:200}\" data-widget_type=\"divider.default\">\n\t\t\t\t<div class=\"elementor-widget-container\">\n\t\t\t\t\t\t\t<div class=\"elementor-divider\">\n\t\t\t<span class=\"elementor-divider-separator\">\n\t\t\t\t\t\t<\/span>\n\t\t<\/div>\n\t\t\t\t\t\t<\/div>\n\t\t\t\t<\/div>\n\t\t\t\t<div class=\"elementor-element elementor-element-a327040 elementor-invisible elementor-widget elementor-widget-text-editor\" data-id=\"a327040\" data-element_type=\"widget\" data-settings=\"{&quot;_animation&quot;:&quot;fadeInUp&quot;,&quot;_animation_delay&quot;:300}\" data-widget_type=\"text-editor.default\">\n\t\t\t\t<div class=\"elementor-widget-container\">\n\t\t\t\t\t\t\t\t\t<p><strong>USO DEL SITIO.-<\/strong><\/p><p>GRUPO VIZ, S.A. DE C.V., autoriza a sus usuarios a ver y descargar el contenido de esta p\u00e1gina electr\u00f3nica \u00fanica y exclusivamente para uso personal y no comercial, siempre y cuando se conserve en cualquier copia de los materiales todos los avisos de derecho de autor o copyright o cualquier otra notificaci\u00f3n sobre la propiedad del contenido en los materiales originales. Queda estrictamente prohibido modificar, copiar, reproducir, transferir, vender o distribuci\u00f3n o cualquier otra utilizaci\u00f3n del contenido de esta p\u00e1gina electr\u00f3nica con fines comerciales o p\u00fablicos.<\/p><p>Los usuarios, son los \u00fanicos responsables del uso que le dar\u00e1n al contenido de esta p\u00e1gina electr\u00f3nica, oblig\u00e1ndose a no utilizar el mismo para (i) realizar o proponer actividades prohibidas por la ley, (ii) atraer a los clientes de GRUPO VIZ, S.A. DE C.V., y sus empresas filiales, subsidiarias y\/o prestadoras, hasta otras empresas competidoras de \u00e9sta, (iii) realizar declaraciones falsas o declaraciones err\u00f3neas en relaci\u00f3n con la informaci\u00f3n contenida en esta p\u00e1gina electr\u00f3nica, (iv) utilizar el contenido de esta p\u00e1gina electr\u00f3nica en otros sitios web y\/o en otros entornos inform\u00e1ticos en red cualquiera que sea su finalidad, (v) interferir en el funcionamiento de esta p\u00e1gina electr\u00f3nica, redes o servidores utilizados para que la misma est\u00e9 disponible, as\u00ed como violar cualquier requisito, procedimiento, pol\u00edtica o reglamentaci\u00f3n de dichas redes.<\/p><p>El contenido de esta p\u00e1gina electr\u00f3nica est\u00e1 protegido por las leyes del Derecho de Autor, Propiedad Industrial, y cualquier uso no autorizado de cualquier material de esta p\u00e1gina electr\u00f3nica puede incumplir la normativa sobre leyes de derecho de autor, propiedad intelectual y otras regulaciones. En caso de incumplimiento de cualquiera de estas disposiciones legales, se dar\u00e1 autom\u00e1ticamente por terminada la autorizaci\u00f3n concedida para utilizar esta p\u00e1gina electr\u00f3nica y deber\u00e1 destruir inmediatamente cualquier material descargado o imprimido desde esta.<\/p><p>Para cualquier asunto relacionado con la presente p\u00e1gina electr\u00f3nica, todo usuario acepta someterse a la jurisdicci\u00f3n y competencia de los Tribunales del fuero com\u00fan con residencia en la ciudad de Culiac\u00e1n, Sinaloa, renunciando a cualquier otro fuero de otro Tribunal que pudiere corresponderle por cualquier motivo. Lo anterior es independiente del lugar en donde se ubique o tenga su residencia el usuario.<\/p><p>Supletoriamente a lo dispuesto en el presente Aviso Legal GRUPO VIZ, S.A. DE C.V., y sus empresas filiales, subsidiarias y\/o prestadoras y el (los) usuario(s) aceptan aplicar supletoriamente las Leyes Federales de los Estados Unidos Mexicanos y en caso de resultar aplicables las Leyes del Estado de Sinaloa, M\u00e9xico.<\/p><p>PROPIEDAD INTELECTUAL.<\/p><p>Las marcas registradas SUKARNE\u00ae, SUKUERO\u00ae, VIOACHE COMPOSTAS\u00ae, RENPRO\u00ae, y cualquier otra marca y\/o producto y\/o logotipos y\/o Avisos Comerciales usados, citados y\/o referenciados en esta p\u00e1gina electr\u00f3nica son marcas y\/o avisos comerciales registrados conforme a la legislaci\u00f3n aplicable, propiedad de GRUPO VIZ, S.A. DE C.V., o de algunas de sus empresas filiales y\/o subsidiarias, confiri\u00e9ndoles a \u00e9stas el derecho exclusivo para su explotaci\u00f3n y uso y no podr\u00e1n ser utilizadas sin el consentimiento previo por escrito de la(s) misma(s).<\/p><p>El contenido de esta p\u00e1gina no debe ser interpretado como licencia o derecho de uso sobre dichas marcas y el dominio www.sukarne.com, quedando estrictamente prohibido al usuario hacer uso de los mismos, sujet\u00e1ndose a las disposiciones legales aplicables en la materia.<\/p><p>GRUPO VIZ, S.A. DE C.V., no otorga permiso para copiar, reproducir, ni distribuir el material de esta p\u00e1gina electr\u00f3nica.<\/p><p>NEGACI\u00d3N DE GARANT\u00cdAS.-<\/p><p>El contenido de la p\u00e1gina electr\u00f3nica en la que se encuentra, es \u00fanica y exclusivamente para fines de conocimientos generales, por lo que GRUPO VIZ, S.A. DE C.V., y sus empresas filiales y subsidiarias, no asumen responsabilidad alguna derivada del uso de la informaci\u00f3n aqu\u00ed presentada, ni por errores u omisiones en el contenido del material. Ninguna parte del contenido de esta p\u00e1gina constituye una garant\u00eda, expresa o impl\u00edcita, de cualquier tipo, incluyendo pero sin limitaci\u00f3n, a las garant\u00edas de comercio relativas a un prop\u00f3sito particular o no infringidas.<\/p><p>GRUPO VIZ, S.A. DE C.V., y sus empresas filiales o subsidiarias, tampoco garantizan la exactitud o terminaci\u00f3n de la informaci\u00f3n, texto, gr\u00e1ficas, ligas u otros elementos contenidos en este material. Como consecuencia, GRUPO VIZ, S.A. DE C.V., sus empresas filiales o subsidiarias, ni ninguno de sus respectivos Directores, Funcionarios, Empleados, Agentes, Accionistas, Consejeros y Representantes, responder\u00e1n por da\u00f1os especiales, indirectos o incidentales, incluyendo &#8211; sin limitaci\u00f3n &#8211; p\u00e9rdidas en ingresos o utilidades; las cuales pueden resultar del uso de este material. La informaci\u00f3n en este servidor est\u00e1 sujeta a cambios sin previo aviso y no representa una obligaci\u00f3n de parte de GRUPO VIZ, S.A. DE C.V. y sus empresas filiales o subsidiarias.<\/p><p>RESERVA DE DERECHOS.-<\/p><p>Todo el material contenido en esta p\u00e1gina electr\u00f3nica, respecto a los textos, fotograf\u00edas, im\u00e1genes, programas y\/o cualquier otro elemento que constituya un derecho de propiedad intelectual es y ser\u00e1 en todo momento propiedad de GRUPO VIZ, S.A. DE C.V., y\/o sus empresas filiales y\/o subsidiarias, por lo que su reproducci\u00f3n parcial o total no est\u00e1 permitida.<\/p><p>El uso no autorizado de cualquier material contenido en esta p\u00e1gina puede constituir una violaci\u00f3n de la Ley del Derecho de Autor y\/o los Tratados Internacionales en la materia en los que M\u00e9xico sea parte y otorga a GRUPO VIZ, S.A. DE C.V., la facultad de ejercer las acciones que considere necesarias para la restituci\u00f3n y protecci\u00f3n de sus derechos.<\/p>\t\t\t\t\t\t\t\t<\/div>\n\t\t\t\t<\/div>\n\t\t\t\t\t<\/div>\n\t\t<\/div>\n\t\t\t\t<div class=\"elementor-column elementor-col-33 elementor-top-column elementor-element elementor-element-9d2310d\" data-id=\"9d2310d\" data-element_type=\"column\" data-settings=\"{&quot;background_background&quot;:&quot;classic&quot;,&quot;background_motion_fx_motion_fx_scrolling&quot;:&quot;yes&quot;,&quot;background_motion_fx_translateX_effect&quot;:&quot;yes&quot;,&quot;background_motion_fx_translateX_direction&quot;:&quot;negative&quot;,&quot;background_motion_fx_translateX_speed&quot;:{&quot;unit&quot;:&quot;px&quot;,&quot;size&quot;:4,&quot;sizes&quot;:[]},&quot;background_motion_fx_translateX_affectedRange&quot;:{&quot;unit&quot;:&quot;%&quot;,&quot;size&quot;:&quot;&quot;,&quot;sizes&quot;:{&quot;start&quot;:0,&quot;end&quot;:100}},&quot;background_motion_fx_devices&quot;:[&quot;widescreen&quot;,&quot;desktop&quot;,&quot;laptop&quot;,&quot;tablet&quot;,&quot;mobile_extra&quot;,&quot;mobile&quot;]}\">\n\t\t\t<div class=\"elementor-widget-wrap\">\n\t\t\t\t\t\t\t<\/div>\n\t\t<\/div>\n\t\t\t\t\t<\/div>\n\t\t<\/section>\n\t\t\t\t<div class=\"elementor-section elementor-top-section elementor-element elementor-element-a9e27f7 elementor-section-full_width elementor-section-stretched elementor-section-height-default elementor-section-height-default\" data-id=\"a9e27f7\" data-element_type=\"section\" data-settings=\"{&quot;stretch_section&quot;:&quot;section-stretched&quot;,&quot;background_background&quot;:&quot;classic&quot;}\">\n\t\t\t\t\t\t\t<div class=\"elementor-background-overlay\"><\/div>\n\t\t\t\t\t\t\t<div class=\"elementor-container elementor-column-gap-no\">\n\t\t\t\t\t<div class=\"elementor-column elementor-col-100 elementor-top-column elementor-element elementor-element-91eea9a\" data-id=\"91eea9a\" data-element_type=\"column\">\n\t\t\t<div class=\"elementor-widget-wrap elementor-element-populated\">\n\t\t\t\t\t\t<div class=\"elementor-element elementor-element-a840937 elementor-widget elementor-widget-spacer\" data-id=\"a840937\" data-element_type=\"widget\" data-widget_type=\"spacer.default\">\n\t\t\t\t<div class=\"elementor-widget-container\">\n\t\t\t\t\t\t\t<div class=\"elementor-spacer\">\n\t\t\t<div class=\"elementor-spacer-inner\"><\/div>\n\t\t<\/div>\n\t\t\t\t\t\t<\/div>\n\t\t\t\t<\/div>\n\t\t\t\t\t<\/div>\n\t\t<\/div>\n\t\t\t\t\t<\/div>\n\t\t<\/div>\n\t\t\t\t<\/div>\n\t\t","protected":false},"excerpt":{"rendered":"<p>Aviso Legal Aviso Legal USO DEL SITIO.- GRUPO VIZ, S.A. DE C.V., autoriza a sus usuarios a ver y descargar el contenido de esta p\u00e1gina electr\u00f3nica \u00fanica y exclusivamente para uso personal y no comercial, siempre y cuando se conserve en cualquier copia de los materiales todos los avisos de derecho de autor o copyright [&hellip;]<\/p>\n","protected":false},"author":1,"featured_media":0,"parent":0,"menu_order":0,"comment_status":"closed","ping_status":"closed","template":"elementor_header_footer","meta":{"_acf_changed":false,"_monsterinsights_skip_tracking":false,"_monsterinsights_sitenote_active":false,"_monsterinsights_sitenote_note":"","_monsterinsights_sitenote_category":0,"footnotes":""},"class_list":["post-1194","page","type-page","status-publish","hentry"],"acf":[],"_links":{"self":[{"href":"https:\/\/www.sukarne.com\/es_mx\/wp-json\/wp\/v2\/pages\/1194","targetHints":{"allow":["GET"]}}],"collection":[{"href":"https:\/\/www.sukarne.com\/es_mx\/wp-json\/wp\/v2\/pages"}],"about":[{"href":"https:\/\/www.sukarne.com\/es_mx\/wp-json\/wp\/v2\/types\/page"}],"author":[{"embeddable":true,"href":"https:\/\/www.sukarne.com\/es_mx\/wp-json\/wp\/v2\/users\/1"}],"replies":[{"embeddable":true,"href":"https:\/\/www.sukarne.com\/es_mx\/wp-json\/wp\/v2\/comments?post=1194"}],"version-history":[{"count":25,"href":"https:\/\/www.sukarne.com\/es_mx\/wp-json\/wp\/v2\/pages\/1194\/revisions"}],"predecessor-version":[{"id":1830,"href":"https:\/\/www.sukarne.com\/es_mx\/wp-json\/wp\/v2\/pages\/1194\/revisions\/1830"}],"wp:attachment":[{"href":"https:\/\/www.sukarne.com\/es_mx\/wp-json\/wp\/v2\/media?parent=1194"}],"curies":[{"name":"wp","href":"https:\/\/api.w.org\/{rel}","templated":true}]}}