{"id":8536,"date":"2026-01-23T19:00:52","date_gmt":"2026-01-23T19:00:52","guid":{"rendered":"https:\/\/www.sukarne.com\/?page_id=8536"},"modified":"2026-01-30T18:05:03","modified_gmt":"2026-01-30T18:05:03","slug":"skai","status":"publish","type":"page","link":"https:\/\/www.sukarne.com\/en\/skai\/","title":{"rendered":"Sukarne Agroindustrial, S.A. de C.V"},"content":{"rendered":"<div data-elementor-type=\"wp-page\" data-elementor-id=\"8536\" class=\"elementor elementor-8536\" data-elementor-post-type=\"page\">\n\t\t\t\t<div class=\"elementor-element elementor-element-b703184 e-flex e-con-boxed e-con e-parent\" data-id=\"b703184\" data-element_type=\"container\">\n\t\t\t\t\t<div class=\"e-con-inner\">\n\t\t\t\t<div class=\"elementor-element elementor-element-52c1663 elementor-widget elementor-widget-image\" data-id=\"52c1663\" data-element_type=\"widget\" data-widget_type=\"image.default\">\n\t\t\t\t<div class=\"elementor-widget-container\">\n\t\t\t\t\t\t\t\t\t\t\t\t\t\t\t<img fetchpriority=\"high\" decoding=\"async\" width=\"2792\" height=\"624\" src=\"https:\/\/www.sukarne.com\/wp-content\/uploads\/2026\/01\/Head.png\" class=\"attachment-full size-full wp-image-8556\" alt=\"\" \/>\t\t\t\t\t\t\t\t\t\t\t\t\t\t\t<\/div>\n\t\t\t\t<\/div>\n\t\t\t\t<div class=\"elementor-element elementor-element-d5d6502 elementor-widget elementor-widget-heading\" data-id=\"d5d6502\" data-element_type=\"widget\" data-widget_type=\"heading.default\">\n\t\t\t\t<div class=\"elementor-widget-container\">\n\t\t\t\t\t<h2 class=\"elementor-heading-title elementor-size-default\">Temporada Abierta<\/h2>\t\t\t\t<\/div>\n\t\t\t\t<\/div>\n\t\t\t\t<div class=\"elementor-element elementor-element-9584ca3 elementor-widget elementor-widget-heading\" data-id=\"9584ca3\" data-element_type=\"widget\" data-widget_type=\"heading.default\">\n\t\t\t\t<div class=\"elementor-widget-container\">\n\t\t\t\t\t<h2 class=\"elementor-heading-title elementor-size-default\">\"Gasoducto Culiac\u00e1n\"<\/h2>\t\t\t\t<\/div>\n\t\t\t\t<\/div>\n\t\t\t\t<div class=\"elementor-element elementor-element-b026fe1 elementor-widget__width-initial elementor-widget elementor-widget-text-editor\" data-id=\"b026fe1\" data-element_type=\"widget\" data-widget_type=\"text-editor.default\">\n\t\t\t\t<div class=\"elementor-widget-container\">\n\t\t\t\t\t\t\t\t\t<p><strong>SuKarne Agroindustrial, S.A. de C.V.<\/strong>, construir\u00e1 el sistema de transporte de acceso abierto de gas natural denominado <strong>&#8220;Culiac\u00e1n&#8221;<\/strong>, el cual contar\u00e1 con una longitud de 8733.16 metros lineales, conformado por tuber\u00edas de 8\u201d y 6\u201d de di\u00e1metro de acero que pasa por los municipios de Navolato y Culiac\u00e1n, ambos en el Estado de Sinaloa.<\/p><p>\u00a0<\/p><p>De lo anterior se desprende que los puntos de origen-destino son:\u00a0<\/p><p>Origen: Villa \u00c1ngel Flores, Navolato, Sinaloa.\u00a0<\/p><p>Destino: Culiacancito, Culiac\u00e1n, Sinaloa<\/p><p>La capacidad de transporte del sistema es de 53.11 MMPCSD a una presi\u00f3n m\u00e1xima permisible de 42.00 kg\/cm\u00b2, y una presi\u00f3n de operaci\u00f3n de 27.00 kg\/cm\u00b2.<\/p><p>\u00a0<\/p><p>Se aclara que, como resultado de la Temporada Abierta, en caso de que los interesados requieran una capacidad de transporte de gas natural mayor a la capacidad disponible del sistema, y siempre que dicha ampliaci\u00f3n sea t\u00e9cnicamente viable y econ\u00f3micamente factible, Sukarne podr\u00e1 solicitar la modificaci\u00f3n del permiso de transporte correspondiente, a fin de dar cumplimiento a las leyes y normatividad aplicables.<\/p><p>\u00a0<\/p><p>En este sentido, Sukarne Agroindustrial <strong>anuncia el inicio de su Temporada Abierta<\/strong>, con el objeto de asignar la capacidad disponible a los usuarios potenciales interesados y as\u00ed mismo evaluar la demanda existente por capacidad de transporte en la regi\u00f3n. Se prev\u00e9 que el sistema de transporte de acceso abierto de gas natural entrar\u00e1 en operaci\u00f3n comercial en el mes de agosto del 2026, sujeto a la obtenci\u00f3n de todos los permisos y autorizaciones requeridas en el cumplimiento de la legislaci\u00f3n aplicable. Cabe mencionar, que Sukarne publicar\u00e1 el procedimiento de Temporada Abierta en el Bolet\u00edn Electr\u00f3nico a trav\u00e9s de su p\u00e1gina web <a href=\"https:\/\/www.sukarne.com\/en\/skai\/\">https:\/\/www.sukarne.com\/skai\/<\/a><\/p><p>\u00a0<\/p><p>Los usuarios potenciales interesados en participar en esta Temporada Abierta podr\u00e1n solicitar informaci\u00f3n a detalle del procedimiento a seguir y\/o enviar sus Solicitudes de Servicio a la siguiente direcci\u00f3n:<\/p><p>\u00a0<\/p><p><em>Sukarne Agroindustrial, S.A. de C.V.<\/em><br \/><em>Av. Diana Tang, n\u00famero exterior 59 A, n\u00famero interior D, Colonia Desarrollo Urbano La Primavera, C.P. 80300, Culiac\u00e1n, Sinaloa.<\/em><br \/><a href=\"mailto:alejandro.renteria@sukarne.com\"><em>alejandro.renteria@sukarne.com<\/em><\/a><\/p><p>\u00a0<\/p><p>De igual manera, los interesados podr\u00e1n enviar copia de su Formato de Solicitud de Servicio (FSS) al siguiente correo electr\u00f3nico: <a href=\"mailto:permisos_gasnatural@cre.gob.mx\">permisos_gasnatural@cre.gob.mx<\/a><\/p><p>El periodo de recepci\u00f3n del formato de \u201csolicitud de servicio\u201d contar\u00e1 de 20 d\u00edas h\u00e1biles a partir del <strong>XX<\/strong> de <strong>XXXXX<\/strong> del <strong>XXXX<\/strong> desde las 9:00 a.m. (horario de la Ciudad de M\u00e9xico) y concluir\u00e1 el <strong>XX<\/strong> de <strong>XXXXX<\/strong> del <strong>XXXX<\/strong> a las 5:00 p.m. (horario de la Ciudad de M\u00e9xico).<\/p><p>Cualquier informaci\u00f3n adicional o aclaraci\u00f3n deber\u00e1 hacerse tambi\u00e9n a trav\u00e9s del correo electr\u00f3nico establecido en el procedimiento.<\/p><p>\u00a0<\/p><p>Saludos cordiales<\/p>\t\t\t\t\t\t\t\t<\/div>\n\t\t\t\t<\/div>\n\t\t\t\t<div class=\"elementor-element elementor-element-95a2538 elementor-widget elementor-widget-image\" data-id=\"95a2538\" data-element_type=\"widget\" data-widget_type=\"image.default\">\n\t\t\t\t<div class=\"elementor-widget-container\">\n\t\t\t\t\t\t\t\t\t\t\t\t\t\t\t<img decoding=\"async\" width=\"2798\" height=\"590\" src=\"https:\/\/www.sukarne.com\/wp-content\/uploads\/2026\/01\/Footer.png\" class=\"attachment-full size-full wp-image-8555\" alt=\"\" \/>\t\t\t\t\t\t\t\t\t\t\t\t\t\t\t<\/div>\n\t\t\t\t<\/div>\n\t\t\t\t<div class=\"elementor-element elementor-element-30fe5a9 elementor-widget elementor-widget-spacer\" data-id=\"30fe5a9\" data-element_type=\"widget\" data-widget_type=\"spacer.default\">\n\t\t\t\t<div class=\"elementor-widget-container\">\n\t\t\t\t\t\t\t<div class=\"elementor-spacer\">\n\t\t\t<div class=\"elementor-spacer-inner\"><\/div>\n\t\t<\/div>\n\t\t\t\t\t\t<\/div>\n\t\t\t\t<\/div>\n\t\t\t\t\t<\/div>\n\t\t\t\t<\/div>\n\t\t\t\t<\/div>","protected":false},"excerpt":{"rendered":"<p>Temporada Abierta &#8220;Gasoducto Culiac\u00e1n&#8221; SuKarne Agroindustrial, S.A. de C.V., construir\u00e1 el sistema de transporte de acceso abierto de gas natural denominado &#8220;Culiac\u00e1n&#8221;, el cual contar\u00e1 con una longitud de 8733.16 metros lineales, conformado por tuber\u00edas de 8\u201d y 6\u201d de di\u00e1metro de acero que pasa por los municipios de Navolato y Culiac\u00e1n, ambos en el [&hellip;]<\/p>","protected":false},"author":1,"featured_media":0,"parent":0,"menu_order":0,"comment_status":"closed","ping_status":"closed","template":"","meta":{"_acf_changed":false,"_monsterinsights_skip_tracking":false,"_monsterinsights_sitenote_active":false,"_monsterinsights_sitenote_note":"","_monsterinsights_sitenote_category":0,"footnotes":""},"class_list":["post-8536","page","type-page","status-publish","hentry"],"acf":[],"_links":{"self":[{"href":"https:\/\/www.sukarne.com\/en\/wp-json\/wp\/v2\/pages\/8536","targetHints":{"allow":["GET"]}}],"collection":[{"href":"https:\/\/www.sukarne.com\/en\/wp-json\/wp\/v2\/pages"}],"about":[{"href":"https:\/\/www.sukarne.com\/en\/wp-json\/wp\/v2\/types\/page"}],"author":[{"embeddable":true,"href":"https:\/\/www.sukarne.com\/en\/wp-json\/wp\/v2\/users\/1"}],"replies":[{"embeddable":true,"href":"https:\/\/www.sukarne.com\/en\/wp-json\/wp\/v2\/comments?post=8536"}],"version-history":[{"count":67,"href":"https:\/\/www.sukarne.com\/en\/wp-json\/wp\/v2\/pages\/8536\/revisions"}],"predecessor-version":[{"id":8649,"href":"https:\/\/www.sukarne.com\/en\/wp-json\/wp\/v2\/pages\/8536\/revisions\/8649"}],"wp:attachment":[{"href":"https:\/\/www.sukarne.com\/en\/wp-json\/wp\/v2\/media?parent=8536"}],"curies":[{"name":"wp","href":"https:\/\/api.w.org\/{rel}","templated":true}]}}